{"id":398,"date":"2024-08-11T18:16:34","date_gmt":"2024-08-11T21:16:34","guid":{"rendered":"https:\/\/biciaccesorios.cl\/index.php\/carrito\/"},"modified":"2024-08-21T13:11:39","modified_gmt":"2024-08-21T16:11:39","slug":"carrito","status":"publish","type":"page","link":"https:\/\/pinondefuego.cl\/index.php\/carrito\/","title":{"rendered":"Carrito"},"content":{"rendered":"\t\t<div data-elementor-type=\"wp-page\" data-elementor-id=\"398\" class=\"elementor elementor-398\" data-elementor-post-type=\"page\">\n\t\t\t\t<div class=\"elementor-element elementor-element-732e370c elementor-hidden-desktop elementor-hidden-tablet elementor-hidden-mobile e-flex e-con-boxed e-con e-parent\" data-id=\"732e370c\" data-element_type=\"container\">\n\t\t\t\t\t<div class=\"e-con-inner\">\n\t\t\t\t<div class=\"elementor-element elementor-element-49c2a813 elementor-widget elementor-widget-text-editor\" data-id=\"49c2a813\" data-element_type=\"widget\" data-widget_type=\"text-editor.default\">\n\t\t\t\t<div class=\"elementor-widget-container\">\n\t\t\t\t\t\t\t<!-- wp:woocommerce\/cart -->\n<div class=\"wp-block-woocommerce-cart alignwide is-loading\"><!-- wp:woocommerce\/filled-cart-block -->\n<div class=\"wp-block-woocommerce-filled-cart-block\"><!-- wp:woocommerce\/cart-items-block -->\n<div class=\"wp-block-woocommerce-cart-items-block\"><!-- wp:woocommerce\/cart-line-items-block -->\n<div class=\"wp-block-woocommerce-cart-line-items-block\"><\/div>\n<!-- \/wp:woocommerce\/cart-line-items-block -->\n\n<!-- wp:woocommerce\/cart-cross-sells-block -->\n<div class=\"wp-block-woocommerce-cart-cross-sells-block\"><!-- wp:heading {\"fontSize\":\"large\"} -->\n<h2 class=\"wp-block-heading has-large-font-size\">Puede que te interese\u2026<\/h2>\n<!-- \/wp:heading -->\n\n<!-- wp:woocommerce\/cart-cross-sells-products-block -->\n<div class=\"wp-block-woocommerce-cart-cross-sells-products-block\"><\/div>\n<!-- \/wp:woocommerce\/cart-cross-sells-products-block --><\/div>\n<!-- \/wp:woocommerce\/cart-cross-sells-block --><\/div>\n<!-- \/wp:woocommerce\/cart-items-block -->\n\n<!-- wp:woocommerce\/cart-totals-block -->\n<div class=\"wp-block-woocommerce-cart-totals-block\"><!-- wp:woocommerce\/cart-order-summary-block -->\n<div class=\"wp-block-woocommerce-cart-order-summary-block\"><!-- wp:woocommerce\/cart-order-summary-heading-block -->\n<div class=\"wp-block-woocommerce-cart-order-summary-heading-block\"><\/div>\n<!-- \/wp:woocommerce\/cart-order-summary-heading-block -->\n\n<!-- wp:woocommerce\/cart-order-summary-coupon-form-block -->\n<div class=\"wp-block-woocommerce-cart-order-summary-coupon-form-block\"><\/div>\n<!-- \/wp:woocommerce\/cart-order-summary-coupon-form-block -->\n\n<!-- wp:woocommerce\/cart-order-summary-subtotal-block -->\n<div class=\"wp-block-woocommerce-cart-order-summary-subtotal-block\"><\/div>\n<!-- \/wp:woocommerce\/cart-order-summary-subtotal-block -->\n\n<!-- wp:woocommerce\/cart-order-summary-fee-block -->\n<div class=\"wp-block-woocommerce-cart-order-summary-fee-block\"><\/div>\n<!-- \/wp:woocommerce\/cart-order-summary-fee-block -->\n\n<!-- wp:woocommerce\/cart-order-summary-discount-block -->\n<div class=\"wp-block-woocommerce-cart-order-summary-discount-block\"><\/div>\n<!-- \/wp:woocommerce\/cart-order-summary-discount-block -->\n\n<!-- wp:woocommerce\/cart-order-summary-shipping-block -->\n<div class=\"wp-block-woocommerce-cart-order-summary-shipping-block\"><\/div>\n<!-- \/wp:woocommerce\/cart-order-summary-shipping-block -->\n\n<!-- wp:woocommerce\/cart-order-summary-taxes-block -->\n<div class=\"wp-block-woocommerce-cart-order-summary-taxes-block\"><\/div>\n<!-- \/wp:woocommerce\/cart-order-summary-taxes-block --><\/div>\n<!-- \/wp:woocommerce\/cart-order-summary-block -->\n\n<!-- wp:woocommerce\/cart-express-payment-block -->\n<div class=\"wp-block-woocommerce-cart-express-payment-block\"><\/div>\n<!-- \/wp:woocommerce\/cart-express-payment-block -->\n\n<!-- wp:woocommerce\/proceed-to-checkout-block -->\n<div class=\"wp-block-woocommerce-proceed-to-checkout-block\"><\/div>\n<!-- \/wp:woocommerce\/proceed-to-checkout-block -->\n\n<!-- wp:woocommerce\/cart-accepted-payment-methods-block -->\n<div class=\"wp-block-woocommerce-cart-accepted-payment-methods-block\"><\/div>\n<!-- \/wp:woocommerce\/cart-accepted-payment-methods-block --><\/div>\n<!-- \/wp:woocommerce\/cart-totals-block --><\/div>\n<!-- \/wp:woocommerce\/filled-cart-block -->\n\n<!-- wp:woocommerce\/empty-cart-block -->\n<div class=\"wp-block-woocommerce-empty-cart-block\"><!-- wp:heading {\"textAlign\":\"center\",\"className\":\"with-empty-cart-icon wc-block-cart__empty-cart__title\"} -->\n<h2 class=\"wp-block-heading has-text-align-center with-empty-cart-icon wc-block-cart__empty-cart__title\">\u00a1Tu carrito est\u00e1 actualmente vac\u00edo!<\/h2>\n<!-- \/wp:heading -->\n\n<!-- wp:separator {\"className\":\"is-style-dots\"} -->\n<hr class=\"wp-block-separator has-alpha-channel-opacity is-style-dots\"\/>\n<!-- \/wp:separator -->\n\n<!-- wp:heading {\"textAlign\":\"center\"} -->\n<h2 class=\"wp-block-heading has-text-align-center\">Nuevo en la tienda<\/h2>\n<!-- \/wp:heading -->\n\n<!-- wp:woocommerce\/product-new {\"columns\":4,\"rows\":1} \/--><\/div>\n<!-- \/wp:woocommerce\/empty-cart-block --><\/div>\n<!-- \/wp:woocommerce\/cart -->\t\t\t\t\t\t<\/div>\n\t\t\t\t<\/div>\n\t\t\t\t\t<\/div>\n\t\t\t\t<\/div>\n\t\t<div class=\"elementor-element elementor-element-6deb0ab e-con-full e-flex e-con e-parent\" data-id=\"6deb0ab\" data-element_type=\"container\">\n\t\t<div class=\"elementor-element elementor-element-d928006 e-flex e-con-boxed e-con e-child\" data-id=\"d928006\" data-element_type=\"container\">\n\t\t\t\t\t<div class=\"e-con-inner\">\n\t\t\t\t\t<\/div>\n\t\t\t\t<\/div>\n\t\t\t\t<\/div>\n\t\t\t\t<\/div>\n\t\t","protected":false},"excerpt":{"rendered":"<p>Tu carrito est\u00e1 vac\u00edo. Volver a la tienda<\/p>\n","protected":false},"author":1,"featured_media":0,"parent":0,"menu_order":0,"comment_status":"closed","ping_status":"closed","template":"","meta":{"inline_featured_image":false,"footnotes":""},"class_list":["post-398","page","type-page","status-publish","hentry"],"yoast_head":"<!-- This site is optimized with the Yoast SEO plugin v23.9 - https:\/\/yoast.com\/wordpress\/plugins\/seo\/ -->\n<title>Carrito - Pi\u00f1on de fuego<\/title>\n<meta name=\"robots\" content=\"noindex, follow, max-snippet:-1, max-image-preview:large, max-video-preview:-1\" \/>\n<meta property=\"og:locale\" content=\"es_ES\" \/>\n<meta property=\"og:type\" content=\"article\" \/>\n<meta property=\"og:title\" content=\"Carrito - Pi\u00f1on de fuego\" \/>\n<meta property=\"og:description\" content=\"Tu carrito est\u00e1 vac\u00edo. Volver a la tienda\" \/>\n<meta property=\"og:url\" content=\"https:\/\/pinondefuego.cl\/index.php\/carrito\/\" \/>\n<meta property=\"og:site_name\" content=\"Pi\u00f1on de fuego\" \/>\n<meta property=\"article:modified_time\" content=\"2024-08-21T16:11:39+00:00\" \/>\n<meta name=\"twitter:card\" content=\"summary_large_image\" \/>\n<meta name=\"twitter:label1\" content=\"Tiempo estimado de lectura\" \/>\n\t<meta name=\"twitter:data1\" content=\"1 minuto\" \/>\n<script type=\"application\/ld+json\" class=\"yoast-schema-graph\">{\"@context\":\"https:\/\/schema.org\",\"@graph\":[{\"@type\":\"WebPage\",\"@id\":\"https:\/\/pinondefuego.cl\/index.php\/carrito\/\",\"url\":\"https:\/\/pinondefuego.cl\/index.php\/carrito\/\",\"name\":\"Carrito - Pi\u00f1on de fuego\",\"isPartOf\":{\"@id\":\"https:\/\/pinondefuego.cl\/#website\"},\"datePublished\":\"2024-08-11T21:16:34+00:00\",\"dateModified\":\"2024-08-21T16:11:39+00:00\",\"breadcrumb\":{\"@id\":\"https:\/\/pinondefuego.cl\/index.php\/carrito\/#breadcrumb\"},\"inLanguage\":\"es-CL\",\"potentialAction\":[{\"@type\":\"ReadAction\",\"target\":[\"https:\/\/pinondefuego.cl\/index.php\/carrito\/\"]}]},{\"@type\":\"BreadcrumbList\",\"@id\":\"https:\/\/pinondefuego.cl\/index.php\/carrito\/#breadcrumb\",\"itemListElement\":[{\"@type\":\"ListItem\",\"position\":1,\"name\":\"Portada\",\"item\":\"https:\/\/pinondefuego.cl\/\"},{\"@type\":\"ListItem\",\"position\":2,\"name\":\"Carrito\"}]},{\"@type\":\"WebSite\",\"@id\":\"https:\/\/pinondefuego.cl\/#website\",\"url\":\"https:\/\/pinondefuego.cl\/\",\"name\":\"Pi\u00f1on de fuego\",\"description\":\"\",\"publisher\":{\"@id\":\"https:\/\/pinondefuego.cl\/#organization\"},\"potentialAction\":[{\"@type\":\"SearchAction\",\"target\":{\"@type\":\"EntryPoint\",\"urlTemplate\":\"https:\/\/pinondefuego.cl\/?s={search_term_string}\"},\"query-input\":{\"@type\":\"PropertyValueSpecification\",\"valueRequired\":true,\"valueName\":\"search_term_string\"}}],\"inLanguage\":\"es-CL\"},{\"@type\":\"Organization\",\"@id\":\"https:\/\/pinondefuego.cl\/#organization\",\"name\":\"Pi\u00f1on de fuego\",\"url\":\"https:\/\/pinondefuego.cl\/\",\"logo\":{\"@type\":\"ImageObject\",\"inLanguage\":\"es-CL\",\"@id\":\"https:\/\/pinondefuego.cl\/#\/schema\/logo\/image\/\",\"url\":\"https:\/\/pinondefuego.cl\/wp-content\/uploads\/2024\/08\/Pinon-de-fuego.svg\",\"contentUrl\":\"https:\/\/pinondefuego.cl\/wp-content\/uploads\/2024\/08\/Pinon-de-fuego.svg\",\"width\":333,\"height\":86,\"caption\":\"Pi\u00f1on de fuego\"},\"image\":{\"@id\":\"https:\/\/pinondefuego.cl\/#\/schema\/logo\/image\/\"}}]}<\/script>\n<!-- \/ Yoast SEO plugin. -->","yoast_head_json":{"title":"Carrito - Pi\u00f1on de fuego","robots":{"index":"noindex","follow":"follow","max-snippet":"max-snippet:-1","max-image-preview":"max-image-preview:large","max-video-preview":"max-video-preview:-1"},"og_locale":"es_ES","og_type":"article","og_title":"Carrito - Pi\u00f1on de fuego","og_description":"Tu carrito est\u00e1 vac\u00edo. Volver a la tienda","og_url":"https:\/\/pinondefuego.cl\/index.php\/carrito\/","og_site_name":"Pi\u00f1on de fuego","article_modified_time":"2024-08-21T16:11:39+00:00","twitter_card":"summary_large_image","twitter_misc":{"Tiempo estimado de lectura":"1 minuto"},"schema":{"@context":"https:\/\/schema.org","@graph":[{"@type":"WebPage","@id":"https:\/\/pinondefuego.cl\/index.php\/carrito\/","url":"https:\/\/pinondefuego.cl\/index.php\/carrito\/","name":"Carrito - Pi\u00f1on de fuego","isPartOf":{"@id":"https:\/\/pinondefuego.cl\/#website"},"datePublished":"2024-08-11T21:16:34+00:00","dateModified":"2024-08-21T16:11:39+00:00","breadcrumb":{"@id":"https:\/\/pinondefuego.cl\/index.php\/carrito\/#breadcrumb"},"inLanguage":"es-CL","potentialAction":[{"@type":"ReadAction","target":["https:\/\/pinondefuego.cl\/index.php\/carrito\/"]}]},{"@type":"BreadcrumbList","@id":"https:\/\/pinondefuego.cl\/index.php\/carrito\/#breadcrumb","itemListElement":[{"@type":"ListItem","position":1,"name":"Portada","item":"https:\/\/pinondefuego.cl\/"},{"@type":"ListItem","position":2,"name":"Carrito"}]},{"@type":"WebSite","@id":"https:\/\/pinondefuego.cl\/#website","url":"https:\/\/pinondefuego.cl\/","name":"Pi\u00f1on de fuego","description":"","publisher":{"@id":"https:\/\/pinondefuego.cl\/#organization"},"potentialAction":[{"@type":"SearchAction","target":{"@type":"EntryPoint","urlTemplate":"https:\/\/pinondefuego.cl\/?s={search_term_string}"},"query-input":{"@type":"PropertyValueSpecification","valueRequired":true,"valueName":"search_term_string"}}],"inLanguage":"es-CL"},{"@type":"Organization","@id":"https:\/\/pinondefuego.cl\/#organization","name":"Pi\u00f1on de fuego","url":"https:\/\/pinondefuego.cl\/","logo":{"@type":"ImageObject","inLanguage":"es-CL","@id":"https:\/\/pinondefuego.cl\/#\/schema\/logo\/image\/","url":"https:\/\/pinondefuego.cl\/wp-content\/uploads\/2024\/08\/Pinon-de-fuego.svg","contentUrl":"https:\/\/pinondefuego.cl\/wp-content\/uploads\/2024\/08\/Pinon-de-fuego.svg","width":333,"height":86,"caption":"Pi\u00f1on de fuego"},"image":{"@id":"https:\/\/pinondefuego.cl\/#\/schema\/logo\/image\/"}}]}},"_links":{"self":[{"href":"https:\/\/pinondefuego.cl\/index.php\/wp-json\/wp\/v2\/pages\/398","targetHints":{"allow":["GET"]}}],"collection":[{"href":"https:\/\/pinondefuego.cl\/index.php\/wp-json\/wp\/v2\/pages"}],"about":[{"href":"https:\/\/pinondefuego.cl\/index.php\/wp-json\/wp\/v2\/types\/page"}],"author":[{"embeddable":true,"href":"https:\/\/pinondefuego.cl\/index.php\/wp-json\/wp\/v2\/users\/1"}],"replies":[{"embeddable":true,"href":"https:\/\/pinondefuego.cl\/index.php\/wp-json\/wp\/v2\/comments?post=398"}],"version-history":[{"count":15,"href":"https:\/\/pinondefuego.cl\/index.php\/wp-json\/wp\/v2\/pages\/398\/revisions"}],"predecessor-version":[{"id":558,"href":"https:\/\/pinondefuego.cl\/index.php\/wp-json\/wp\/v2\/pages\/398\/revisions\/558"}],"wp:attachment":[{"href":"https:\/\/pinondefuego.cl\/index.php\/wp-json\/wp\/v2\/media?parent=398"}],"curies":[{"name":"wp","href":"https:\/\/api.w.org\/{rel}","templated":true}]}}