{"id":400,"date":"2024-08-11T18:16:34","date_gmt":"2024-08-11T21:16:34","guid":{"rendered":"https:\/\/biciaccesorios.cl\/index.php\/mi-cuenta\/"},"modified":"2024-08-22T13:04:43","modified_gmt":"2024-08-22T16:04:43","slug":"mi-cuenta","status":"publish","type":"page","link":"https:\/\/pinondefuego.cl\/index.php\/mi-cuenta\/","title":{"rendered":"Mi cuenta"},"content":{"rendered":"\t\t<div data-elementor-type=\"wp-page\" data-elementor-id=\"400\" class=\"elementor elementor-400\" data-elementor-post-type=\"page\">\n\t\t\t\t<div class=\"elementor-element elementor-element-64e19b4 e-con-full e-flex e-con e-parent\" data-id=\"64e19b4\" data-element_type=\"container\">\n\t\t<div class=\"elementor-element elementor-element-850b057 e-flex e-con-boxed e-con e-child\" data-id=\"850b057\" data-element_type=\"container\">\n\t\t\t\t\t<div class=\"e-con-inner\">\n\t\t\t\t<div class=\"elementor-element elementor-element-3dd9f68 e-my-account-tabs-vertical elementor-widget elementor-widget-woocommerce-my-account\" data-id=\"3dd9f68\" data-element_type=\"widget\" data-widget_type=\"woocommerce-my-account.default\">\n\t\t\t\t<div class=\"elementor-widget-container\">\n\t\t\t<div class=\"e-my-account-tab e-my-account-tab__ \">\t\t\t<div class=\"woocommerce\"><\/div>\t\t<\/div>\n\t\t\t\t<\/div>\n\t\t\t\t<\/div>\n\t\t\t\t\t<\/div>\n\t\t\t\t<\/div>\n\t\t\t\t<\/div>\n\t\t\t\t<\/div>\n\t\t","protected":false},"excerpt":{"rendered":"<p>Escritorio Pedidos Descargas Direcciones Detalles de la cuenta Cerrar sesi\u00f3n Hola santiago cortina (\u00bfno eres santiago cortina? Cerrar sesi\u00f3n) Desde el panel de control de tu cuenta puedes ver tus pedidos recientes, gestionar tus direcciones de env\u00edo y facturaci\u00f3n y editar tu contrase\u00f1a y los detalles de tu cuenta.<\/p>\n","protected":false},"author":1,"featured_media":0,"parent":0,"menu_order":0,"comment_status":"closed","ping_status":"closed","template":"","meta":{"inline_featured_image":false,"footnotes":""},"class_list":["post-400","page","type-page","status-publish","hentry"],"yoast_head":"<!-- This site is optimized with the Yoast SEO plugin v23.9 - https:\/\/yoast.com\/wordpress\/plugins\/seo\/ -->\n<title>Mi cuenta - Pi\u00f1on de fuego<\/title>\n<meta name=\"robots\" content=\"noindex, follow, max-snippet:-1, max-image-preview:large, max-video-preview:-1\" \/>\n<meta property=\"og:locale\" content=\"es_ES\" \/>\n<meta property=\"og:type\" content=\"article\" \/>\n<meta property=\"og:title\" content=\"Mi cuenta - Pi\u00f1on de fuego\" \/>\n<meta property=\"og:description\" content=\"Escritorio Pedidos Descargas Direcciones Detalles de la cuenta Cerrar sesi\u00f3n Hola santiago cortina (\u00bfno eres santiago cortina? Cerrar sesi\u00f3n) Desde el panel de control de tu cuenta puedes ver tus pedidos recientes, gestionar tus direcciones de env\u00edo y facturaci\u00f3n y editar tu contrase\u00f1a y los detalles de tu cuenta.\" \/>\n<meta property=\"og:url\" content=\"https:\/\/pinondefuego.cl\/index.php\/mi-cuenta\/\" \/>\n<meta property=\"og:site_name\" content=\"Pi\u00f1on de fuego\" \/>\n<meta property=\"article:modified_time\" content=\"2024-08-22T16:04:43+00:00\" \/>\n<meta name=\"twitter:card\" content=\"summary_large_image\" \/>\n<meta name=\"twitter:label1\" content=\"Tiempo estimado de lectura\" \/>\n\t<meta name=\"twitter:data1\" content=\"1 minuto\" \/>\n<script type=\"application\/ld+json\" class=\"yoast-schema-graph\">{\"@context\":\"https:\/\/schema.org\",\"@graph\":[{\"@type\":\"WebPage\",\"@id\":\"https:\/\/pinondefuego.cl\/index.php\/mi-cuenta\/\",\"url\":\"https:\/\/pinondefuego.cl\/index.php\/mi-cuenta\/\",\"name\":\"Mi cuenta - Pi\u00f1on de fuego\",\"isPartOf\":{\"@id\":\"https:\/\/pinondefuego.cl\/#website\"},\"datePublished\":\"2024-08-11T21:16:34+00:00\",\"dateModified\":\"2024-08-22T16:04:43+00:00\",\"breadcrumb\":{\"@id\":\"https:\/\/pinondefuego.cl\/index.php\/mi-cuenta\/#breadcrumb\"},\"inLanguage\":\"es-CL\",\"potentialAction\":[{\"@type\":\"ReadAction\",\"target\":[\"https:\/\/pinondefuego.cl\/index.php\/mi-cuenta\/\"]}]},{\"@type\":\"BreadcrumbList\",\"@id\":\"https:\/\/pinondefuego.cl\/index.php\/mi-cuenta\/#breadcrumb\",\"itemListElement\":[{\"@type\":\"ListItem\",\"position\":1,\"name\":\"Portada\",\"item\":\"https:\/\/pinondefuego.cl\/\"},{\"@type\":\"ListItem\",\"position\":2,\"name\":\"Mi cuenta\"}]},{\"@type\":\"WebSite\",\"@id\":\"https:\/\/pinondefuego.cl\/#website\",\"url\":\"https:\/\/pinondefuego.cl\/\",\"name\":\"Pi\u00f1on de fuego\",\"description\":\"\",\"publisher\":{\"@id\":\"https:\/\/pinondefuego.cl\/#organization\"},\"potentialAction\":[{\"@type\":\"SearchAction\",\"target\":{\"@type\":\"EntryPoint\",\"urlTemplate\":\"https:\/\/pinondefuego.cl\/?s={search_term_string}\"},\"query-input\":{\"@type\":\"PropertyValueSpecification\",\"valueRequired\":true,\"valueName\":\"search_term_string\"}}],\"inLanguage\":\"es-CL\"},{\"@type\":\"Organization\",\"@id\":\"https:\/\/pinondefuego.cl\/#organization\",\"name\":\"Pi\u00f1on de fuego\",\"url\":\"https:\/\/pinondefuego.cl\/\",\"logo\":{\"@type\":\"ImageObject\",\"inLanguage\":\"es-CL\",\"@id\":\"https:\/\/pinondefuego.cl\/#\/schema\/logo\/image\/\",\"url\":\"https:\/\/pinondefuego.cl\/wp-content\/uploads\/2024\/08\/Pinon-de-fuego.svg\",\"contentUrl\":\"https:\/\/pinondefuego.cl\/wp-content\/uploads\/2024\/08\/Pinon-de-fuego.svg\",\"width\":333,\"height\":86,\"caption\":\"Pi\u00f1on de fuego\"},\"image\":{\"@id\":\"https:\/\/pinondefuego.cl\/#\/schema\/logo\/image\/\"}}]}<\/script>\n<!-- \/ Yoast SEO plugin. -->","yoast_head_json":{"title":"Mi cuenta - Pi\u00f1on de fuego","robots":{"index":"noindex","follow":"follow","max-snippet":"max-snippet:-1","max-image-preview":"max-image-preview:large","max-video-preview":"max-video-preview:-1"},"og_locale":"es_ES","og_type":"article","og_title":"Mi cuenta - Pi\u00f1on de fuego","og_description":"Escritorio Pedidos Descargas Direcciones Detalles de la cuenta Cerrar sesi\u00f3n Hola santiago cortina (\u00bfno eres santiago cortina? Cerrar sesi\u00f3n) Desde el panel de control de tu cuenta puedes ver tus pedidos recientes, gestionar tus direcciones de env\u00edo y facturaci\u00f3n y editar tu contrase\u00f1a y los detalles de tu cuenta.","og_url":"https:\/\/pinondefuego.cl\/index.php\/mi-cuenta\/","og_site_name":"Pi\u00f1on de fuego","article_modified_time":"2024-08-22T16:04:43+00:00","twitter_card":"summary_large_image","twitter_misc":{"Tiempo estimado de lectura":"1 minuto"},"schema":{"@context":"https:\/\/schema.org","@graph":[{"@type":"WebPage","@id":"https:\/\/pinondefuego.cl\/index.php\/mi-cuenta\/","url":"https:\/\/pinondefuego.cl\/index.php\/mi-cuenta\/","name":"Mi cuenta - Pi\u00f1on de fuego","isPartOf":{"@id":"https:\/\/pinondefuego.cl\/#website"},"datePublished":"2024-08-11T21:16:34+00:00","dateModified":"2024-08-22T16:04:43+00:00","breadcrumb":{"@id":"https:\/\/pinondefuego.cl\/index.php\/mi-cuenta\/#breadcrumb"},"inLanguage":"es-CL","potentialAction":[{"@type":"ReadAction","target":["https:\/\/pinondefuego.cl\/index.php\/mi-cuenta\/"]}]},{"@type":"BreadcrumbList","@id":"https:\/\/pinondefuego.cl\/index.php\/mi-cuenta\/#breadcrumb","itemListElement":[{"@type":"ListItem","position":1,"name":"Portada","item":"https:\/\/pinondefuego.cl\/"},{"@type":"ListItem","position":2,"name":"Mi cuenta"}]},{"@type":"WebSite","@id":"https:\/\/pinondefuego.cl\/#website","url":"https:\/\/pinondefuego.cl\/","name":"Pi\u00f1on de fuego","description":"","publisher":{"@id":"https:\/\/pinondefuego.cl\/#organization"},"potentialAction":[{"@type":"SearchAction","target":{"@type":"EntryPoint","urlTemplate":"https:\/\/pinondefuego.cl\/?s={search_term_string}"},"query-input":{"@type":"PropertyValueSpecification","valueRequired":true,"valueName":"search_term_string"}}],"inLanguage":"es-CL"},{"@type":"Organization","@id":"https:\/\/pinondefuego.cl\/#organization","name":"Pi\u00f1on de fuego","url":"https:\/\/pinondefuego.cl\/","logo":{"@type":"ImageObject","inLanguage":"es-CL","@id":"https:\/\/pinondefuego.cl\/#\/schema\/logo\/image\/","url":"https:\/\/pinondefuego.cl\/wp-content\/uploads\/2024\/08\/Pinon-de-fuego.svg","contentUrl":"https:\/\/pinondefuego.cl\/wp-content\/uploads\/2024\/08\/Pinon-de-fuego.svg","width":333,"height":86,"caption":"Pi\u00f1on de fuego"},"image":{"@id":"https:\/\/pinondefuego.cl\/#\/schema\/logo\/image\/"}}]}},"_links":{"self":[{"href":"https:\/\/pinondefuego.cl\/index.php\/wp-json\/wp\/v2\/pages\/400","targetHints":{"allow":["GET"]}}],"collection":[{"href":"https:\/\/pinondefuego.cl\/index.php\/wp-json\/wp\/v2\/pages"}],"about":[{"href":"https:\/\/pinondefuego.cl\/index.php\/wp-json\/wp\/v2\/types\/page"}],"author":[{"embeddable":true,"href":"https:\/\/pinondefuego.cl\/index.php\/wp-json\/wp\/v2\/users\/1"}],"replies":[{"embeddable":true,"href":"https:\/\/pinondefuego.cl\/index.php\/wp-json\/wp\/v2\/comments?post=400"}],"version-history":[{"count":15,"href":"https:\/\/pinondefuego.cl\/index.php\/wp-json\/wp\/v2\/pages\/400\/revisions"}],"predecessor-version":[{"id":716,"href":"https:\/\/pinondefuego.cl\/index.php\/wp-json\/wp\/v2\/pages\/400\/revisions\/716"}],"wp:attachment":[{"href":"https:\/\/pinondefuego.cl\/index.php\/wp-json\/wp\/v2\/media?parent=400"}],"curies":[{"name":"wp","href":"https:\/\/api.w.org\/{rel}","templated":true}]}}