{"id":849,"date":"2024-09-02T11:01:22","date_gmt":"2024-09-02T14:01:22","guid":{"rendered":"https:\/\/pinondefuego.cl\/?post_type=product&#038;p=849"},"modified":"2024-09-02T11:02:42","modified_gmt":"2024-09-02T14:02:42","slug":"neumatico-maxxis-detonator","status":"publish","type":"product","link":"https:\/\/pinondefuego.cl\/index.php\/producto\/neumatico-maxxis-detonator\/","title":{"rendered":"Neum\u00e1tico Maxxis Detonator"},"content":{"rendered":"<p>Huella de rodadura ranurado en \u201cforma de M\u201d<\/p>\n<p>Protecci\u00f3n Silkworm<\/p>\n<p>El compuesto de s\u00edlice m\u00e1s suave en los bordes exteriores del neum\u00e1tico permite una gran tracci\u00f3n en una variedad de condiciones de la ruta. El Detonator es lo suficientemente resistente como para proporcionar muchos kil\u00f3metros de invierno, pero lo suficientemente flexible y adherente para correr en verano.<\/p>\n","protected":false},"excerpt":{"rendered":"<p>Cubierta de doble compuesto para entrenamiento en ruta Maxxis Detonator 700x23C.<\/p>\n","protected":false},"featured_media":851,"comment_status":"open","ping_status":"closed","template":"","meta":{"inline_featured_image":false},"product_cat":[22,35],"product_tag":[],"class_list":{"0":"post-849","1":"product","2":"type-product","3":"status-publish","4":"has-post-thumbnail","6":"product_cat-sin-categoria","7":"product_cat-neumaticos","9":"first","10":"instock","11":"shipping-taxable","12":"purchasable","13":"product-type-simple"},"yoast_head":"<!-- This site is optimized with the Yoast SEO plugin v23.9 - https:\/\/yoast.com\/wordpress\/plugins\/seo\/ -->\n<title>Neum\u00e1tico Maxxis Detonator - Pi\u00f1on de fuego<\/title>\n<meta name=\"robots\" content=\"noindex, follow, max-snippet:-1, max-image-preview:large, max-video-preview:-1\" \/>\n<meta property=\"og:locale\" content=\"es_ES\" \/>\n<meta property=\"og:type\" content=\"article\" \/>\n<meta property=\"og:title\" content=\"Neum\u00e1tico Maxxis Detonator - Pi\u00f1on de fuego\" \/>\n<meta property=\"og:description\" content=\"Cubierta de doble compuesto para entrenamiento en ruta Maxxis Detonator 700x23C.\" \/>\n<meta property=\"og:url\" content=\"https:\/\/pinondefuego.cl\/index.php\/producto\/neumatico-maxxis-detonator\/\" \/>\n<meta property=\"og:site_name\" content=\"Pi\u00f1on de fuego\" \/>\n<meta property=\"article:modified_time\" content=\"2024-09-02T14:02:42+00:00\" \/>\n<meta property=\"og:image\" content=\"https:\/\/pinondefuego.cl\/wp-content\/uploads\/2024\/09\/Neumatico-Maxxis-Detonator.webp\" \/>\n\t<meta property=\"og:image:width\" content=\"494\" \/>\n\t<meta property=\"og:image:height\" content=\"500\" \/>\n\t<meta property=\"og:image:type\" content=\"image\/webp\" \/>\n<meta name=\"twitter:card\" content=\"summary_large_image\" \/>\n<meta name=\"twitter:label1\" content=\"Tiempo estimado de lectura\" \/>\n\t<meta name=\"twitter:data1\" content=\"1 minuto\" \/>\n<script type=\"application\/ld+json\" class=\"yoast-schema-graph\">{\"@context\":\"https:\/\/schema.org\",\"@graph\":[{\"@type\":\"WebPage\",\"@id\":\"https:\/\/pinondefuego.cl\/index.php\/producto\/neumatico-maxxis-detonator\/\",\"url\":\"https:\/\/pinondefuego.cl\/index.php\/producto\/neumatico-maxxis-detonator\/\",\"name\":\"Neum\u00e1tico Maxxis Detonator - Pi\u00f1on de fuego\",\"isPartOf\":{\"@id\":\"https:\/\/pinondefuego.cl\/#website\"},\"primaryImageOfPage\":{\"@id\":\"https:\/\/pinondefuego.cl\/index.php\/producto\/neumatico-maxxis-detonator\/#primaryimage\"},\"image\":{\"@id\":\"https:\/\/pinondefuego.cl\/index.php\/producto\/neumatico-maxxis-detonator\/#primaryimage\"},\"thumbnailUrl\":\"https:\/\/pinondefuego.cl\/wp-content\/uploads\/2024\/09\/Neumatico-Maxxis-Detonator.webp\",\"datePublished\":\"2024-09-02T14:01:22+00:00\",\"dateModified\":\"2024-09-02T14:02:42+00:00\",\"breadcrumb\":{\"@id\":\"https:\/\/pinondefuego.cl\/index.php\/producto\/neumatico-maxxis-detonator\/#breadcrumb\"},\"inLanguage\":\"es-CL\",\"potentialAction\":[{\"@type\":\"ReadAction\",\"target\":[\"https:\/\/pinondefuego.cl\/index.php\/producto\/neumatico-maxxis-detonator\/\"]}]},{\"@type\":\"ImageObject\",\"inLanguage\":\"es-CL\",\"@id\":\"https:\/\/pinondefuego.cl\/index.php\/producto\/neumatico-maxxis-detonator\/#primaryimage\",\"url\":\"https:\/\/pinondefuego.cl\/wp-content\/uploads\/2024\/09\/Neumatico-Maxxis-Detonator.webp\",\"contentUrl\":\"https:\/\/pinondefuego.cl\/wp-content\/uploads\/2024\/09\/Neumatico-Maxxis-Detonator.webp\",\"width\":494,\"height\":500},{\"@type\":\"BreadcrumbList\",\"@id\":\"https:\/\/pinondefuego.cl\/index.php\/producto\/neumatico-maxxis-detonator\/#breadcrumb\",\"itemListElement\":[{\"@type\":\"ListItem\",\"position\":1,\"name\":\"Portada\",\"item\":\"https:\/\/pinondefuego.cl\/\"},{\"@type\":\"ListItem\",\"position\":2,\"name\":\"Tienda\",\"item\":\"https:\/\/pinondefuego.cl\/index.php\/tienda\/\"},{\"@type\":\"ListItem\",\"position\":3,\"name\":\"Neum\u00e1tico Maxxis Detonator\"}]},{\"@type\":\"WebSite\",\"@id\":\"https:\/\/pinondefuego.cl\/#website\",\"url\":\"https:\/\/pinondefuego.cl\/\",\"name\":\"Pi\u00f1on de fuego\",\"description\":\"\",\"publisher\":{\"@id\":\"https:\/\/pinondefuego.cl\/#organization\"},\"potentialAction\":[{\"@type\":\"SearchAction\",\"target\":{\"@type\":\"EntryPoint\",\"urlTemplate\":\"https:\/\/pinondefuego.cl\/?s={search_term_string}\"},\"query-input\":{\"@type\":\"PropertyValueSpecification\",\"valueRequired\":true,\"valueName\":\"search_term_string\"}}],\"inLanguage\":\"es-CL\"},{\"@type\":\"Organization\",\"@id\":\"https:\/\/pinondefuego.cl\/#organization\",\"name\":\"Pi\u00f1on de fuego\",\"url\":\"https:\/\/pinondefuego.cl\/\",\"logo\":{\"@type\":\"ImageObject\",\"inLanguage\":\"es-CL\",\"@id\":\"https:\/\/pinondefuego.cl\/#\/schema\/logo\/image\/\",\"url\":\"https:\/\/pinondefuego.cl\/wp-content\/uploads\/2024\/08\/Pinon-de-fuego.svg\",\"contentUrl\":\"https:\/\/pinondefuego.cl\/wp-content\/uploads\/2024\/08\/Pinon-de-fuego.svg\",\"width\":333,\"height\":86,\"caption\":\"Pi\u00f1on de fuego\"},\"image\":{\"@id\":\"https:\/\/pinondefuego.cl\/#\/schema\/logo\/image\/\"}}]}<\/script>\n<!-- \/ Yoast SEO plugin. -->","yoast_head_json":{"title":"Neum\u00e1tico Maxxis Detonator - Pi\u00f1on de fuego","robots":{"index":"noindex","follow":"follow","max-snippet":"max-snippet:-1","max-image-preview":"max-image-preview:large","max-video-preview":"max-video-preview:-1"},"og_locale":"es_ES","og_type":"article","og_title":"Neum\u00e1tico Maxxis Detonator - Pi\u00f1on de fuego","og_description":"Cubierta de doble compuesto para entrenamiento en ruta Maxxis Detonator 700x23C.","og_url":"https:\/\/pinondefuego.cl\/index.php\/producto\/neumatico-maxxis-detonator\/","og_site_name":"Pi\u00f1on de fuego","article_modified_time":"2024-09-02T14:02:42+00:00","og_image":[{"width":494,"height":500,"url":"https:\/\/pinondefuego.cl\/wp-content\/uploads\/2024\/09\/Neumatico-Maxxis-Detonator.webp","type":"image\/webp"}],"twitter_card":"summary_large_image","twitter_misc":{"Tiempo estimado de lectura":"1 minuto"},"schema":{"@context":"https:\/\/schema.org","@graph":[{"@type":"WebPage","@id":"https:\/\/pinondefuego.cl\/index.php\/producto\/neumatico-maxxis-detonator\/","url":"https:\/\/pinondefuego.cl\/index.php\/producto\/neumatico-maxxis-detonator\/","name":"Neum\u00e1tico Maxxis Detonator - Pi\u00f1on de fuego","isPartOf":{"@id":"https:\/\/pinondefuego.cl\/#website"},"primaryImageOfPage":{"@id":"https:\/\/pinondefuego.cl\/index.php\/producto\/neumatico-maxxis-detonator\/#primaryimage"},"image":{"@id":"https:\/\/pinondefuego.cl\/index.php\/producto\/neumatico-maxxis-detonator\/#primaryimage"},"thumbnailUrl":"https:\/\/pinondefuego.cl\/wp-content\/uploads\/2024\/09\/Neumatico-Maxxis-Detonator.webp","datePublished":"2024-09-02T14:01:22+00:00","dateModified":"2024-09-02T14:02:42+00:00","breadcrumb":{"@id":"https:\/\/pinondefuego.cl\/index.php\/producto\/neumatico-maxxis-detonator\/#breadcrumb"},"inLanguage":"es-CL","potentialAction":[{"@type":"ReadAction","target":["https:\/\/pinondefuego.cl\/index.php\/producto\/neumatico-maxxis-detonator\/"]}]},{"@type":"ImageObject","inLanguage":"es-CL","@id":"https:\/\/pinondefuego.cl\/index.php\/producto\/neumatico-maxxis-detonator\/#primaryimage","url":"https:\/\/pinondefuego.cl\/wp-content\/uploads\/2024\/09\/Neumatico-Maxxis-Detonator.webp","contentUrl":"https:\/\/pinondefuego.cl\/wp-content\/uploads\/2024\/09\/Neumatico-Maxxis-Detonator.webp","width":494,"height":500},{"@type":"BreadcrumbList","@id":"https:\/\/pinondefuego.cl\/index.php\/producto\/neumatico-maxxis-detonator\/#breadcrumb","itemListElement":[{"@type":"ListItem","position":1,"name":"Portada","item":"https:\/\/pinondefuego.cl\/"},{"@type":"ListItem","position":2,"name":"Tienda","item":"https:\/\/pinondefuego.cl\/index.php\/tienda\/"},{"@type":"ListItem","position":3,"name":"Neum\u00e1tico Maxxis Detonator"}]},{"@type":"WebSite","@id":"https:\/\/pinondefuego.cl\/#website","url":"https:\/\/pinondefuego.cl\/","name":"Pi\u00f1on de fuego","description":"","publisher":{"@id":"https:\/\/pinondefuego.cl\/#organization"},"potentialAction":[{"@type":"SearchAction","target":{"@type":"EntryPoint","urlTemplate":"https:\/\/pinondefuego.cl\/?s={search_term_string}"},"query-input":{"@type":"PropertyValueSpecification","valueRequired":true,"valueName":"search_term_string"}}],"inLanguage":"es-CL"},{"@type":"Organization","@id":"https:\/\/pinondefuego.cl\/#organization","name":"Pi\u00f1on de fuego","url":"https:\/\/pinondefuego.cl\/","logo":{"@type":"ImageObject","inLanguage":"es-CL","@id":"https:\/\/pinondefuego.cl\/#\/schema\/logo\/image\/","url":"https:\/\/pinondefuego.cl\/wp-content\/uploads\/2024\/08\/Pinon-de-fuego.svg","contentUrl":"https:\/\/pinondefuego.cl\/wp-content\/uploads\/2024\/08\/Pinon-de-fuego.svg","width":333,"height":86,"caption":"Pi\u00f1on de fuego"},"image":{"@id":"https:\/\/pinondefuego.cl\/#\/schema\/logo\/image\/"}}]}},"_links":{"self":[{"href":"https:\/\/pinondefuego.cl\/index.php\/wp-json\/wp\/v2\/product\/849","targetHints":{"allow":["GET"]}}],"collection":[{"href":"https:\/\/pinondefuego.cl\/index.php\/wp-json\/wp\/v2\/product"}],"about":[{"href":"https:\/\/pinondefuego.cl\/index.php\/wp-json\/wp\/v2\/types\/product"}],"replies":[{"embeddable":true,"href":"https:\/\/pinondefuego.cl\/index.php\/wp-json\/wp\/v2\/comments?post=849"}],"version-history":[{"count":1,"href":"https:\/\/pinondefuego.cl\/index.php\/wp-json\/wp\/v2\/product\/849\/revisions"}],"predecessor-version":[{"id":850,"href":"https:\/\/pinondefuego.cl\/index.php\/wp-json\/wp\/v2\/product\/849\/revisions\/850"}],"wp:featuredmedia":[{"embeddable":true,"href":"https:\/\/pinondefuego.cl\/index.php\/wp-json\/wp\/v2\/media\/851"}],"wp:attachment":[{"href":"https:\/\/pinondefuego.cl\/index.php\/wp-json\/wp\/v2\/media?parent=849"}],"wp:term":[{"taxonomy":"product_cat","embeddable":true,"href":"https:\/\/pinondefuego.cl\/index.php\/wp-json\/wp\/v2\/product_cat?post=849"},{"taxonomy":"product_tag","embeddable":true,"href":"https:\/\/pinondefuego.cl\/index.php\/wp-json\/wp\/v2\/product_tag?post=849"}],"curies":[{"name":"wp","href":"https:\/\/api.w.org\/{rel}","templated":true}]}}